{"id":1498,"date":"2024-10-26T15:41:14","date_gmt":"2024-10-26T15:41:14","guid":{"rendered":"https:\/\/compoundideas.co\/?page_id=1498"},"modified":"2024-10-26T15:41:14","modified_gmt":"2024-10-26T15:41:14","slug":"datenschutzbestimmungen","status":"publish","type":"page","link":"https:\/\/compoundideas.co\/index.php\/de\/datenschutzbestimmungen\/","title":{"rendered":"Datenschutzbestimmungen"},"content":{"rendered":"\n<h2 class=\"wp-block-heading\" id=\"datenschutzbestimmungen\">Datenschutzbestimmungen<\/h2>\n\n\n\n<p><strong>Information<\/strong><\/p>\n\n\n\n<p>Compoundio Technology Holding GmbH verpflichtet sich, Ihre Daten im Auftrag von CompoundIDEAS zu sch\u00fctzen. Wir agieren als Auftragsverarbeiter und verarbeiten Ihre Daten gem\u00e4\u00df den Anweisungen von CompoundIDEAS.<\/p>\n\n\n\n<p>Compoundio Technology Holding GmbH verpflichtet sich, Ihre Privatsph\u00e4re zu sch\u00fctzen und zu respektieren. Diese Datenschutzbestimmungen erl\u00e4utern, wie wir Ihre personenbezogenen Daten erfassen, verwenden und weitergeben, wenn Sie unsere Website besuchen, sowie Ihre Rechte in Bezug auf Ihre Daten.<\/p>\n\n\n\n<p><strong>1. Verantwortlicher<\/strong><\/p>\n\n\n\n<p>Verantwortlich f\u00fcr die Verarbeitung Ihrer personenbezogenen Daten ist:<\/p>\n\n\n\n<p>Compoundio Technology Holding GmbH Distlerstr. 18, 70184 Stuttgart, Deutschland E-Mail: info@compoundio.co Telefon: +49 (0)176 31266319 Handelsregister: Amtsgericht Stuttgart, HRB 795131 Umsatzsteuer-ID: DE 369520248<\/p>\n\n\n\n<p><strong>2. Erfasste Daten<\/strong><\/p>\n\n\n\n<p>Wir erfassen personenbezogene Daten, die Sie uns direkt zur Verf\u00fcgung stellen, sowie Daten, die automatisch erfasst werden, wenn Sie unsere Website nutzen. Dazu geh\u00f6ren:<\/p>\n\n\n\n<p>a) <strong>Von Ihnen bereitgestellte Informationen:<\/strong><\/p>\n\n\n\n<ul class=\"wp-block-list\">\n<li><strong>Kontaktinformationen:<\/strong> Wenn Sie uns per E-Mail, Telefon oder \u00fcber unsere Kontaktformulare kontaktieren, erfassen wir m\u00f6glicherweise Ihren Namen, Ihre E-Mail-Adresse, Ihre Telefonnummer und alle anderen Informationen, die Sie uns zur Verf\u00fcgung stellen.<\/li>\n\n\n\n<li><strong>Kontoinformationen (falls zutreffend):<\/strong> Wenn Sie ein Konto auf unserer Website erstellen, erfassen wir m\u00f6glicherweise Ihren Benutzernamen, Ihr Passwort und andere Registrierungsdaten.<\/li>\n<\/ul>\n\n\n\n<p>b) <strong>Automatisch erfasste Informationen:<\/strong><\/p>\n\n\n\n<ul class=\"wp-block-list\">\n<li><strong>Nutzungsdaten:<\/strong> Informationen dar\u00fcber, wie Sie unsere Website nutzen, z. B. die besuchten Seiten, die Verweildauer und die angeklickten Links.<\/li>\n\n\n\n<li><strong>Technische Daten:<\/strong> Dazu geh\u00f6ren Ihre IP-Adresse, Browsertyp und -version, Zeitzoneneinstellung, Browser-Plug-in-Typen, Betriebssystem und Plattform.<\/li>\n\n\n\n<li><strong>Cookies und Tracking-Technologien:<\/strong> Wir verwenden Cookies und \u00e4hnliche Technologien, um Aktivit\u00e4ten auf unserer Website zu verfolgen und bestimmte Informationen zu speichern. Sie k\u00f6nnen Ihre Cookie-Einstellungen \u00fcber Ihre Browsereinstellungen verwalten.<\/li>\n<\/ul>\n\n\n\n<p><strong>3. Verwendung Ihrer Daten<\/strong><\/p>\n\n\n\n<p>Wir verwenden Ihre personenbezogenen Daten f\u00fcr die folgenden Zwecke:<\/p>\n\n\n\n<ul class=\"wp-block-list\">\n<li><strong>Bereitstellung von Dienstleistungen:<\/strong> Um Ihre Anfragen zu beantworten, angeforderte Dienstleistungen zu erbringen und Ihr Konto zu verwalten. \u2192 Art. 6 Abs. 1 lit. f DSGVO<\/li>\n\n\n\n<li><strong>Verbesserung unserer Website:<\/strong> Um zu analysieren, wie unsere Website genutzt wird, und um Verbesserungen an ihrer Funktionalit\u00e4t und ihrem Inhalt vorzunehmen, nur wenn Sie zuvor eingewilligt haben. \u2192 Art. 6 Abs. 1 lit. a DSGVO<\/li>\n\n\n\n<li><strong>Marketing (falls zutreffend):<\/strong> Wenn Sie Ihre vorherige Einwilligung erteilt haben, verwenden wir Ihre Daten m\u00f6glicherweise, um Marketingmitteilungen wie Newsletter oder Werbeangebote zu versenden. \u2192 Art. 6 Abs. 1 lit. a DSGVO<\/li>\n\n\n\n<li><strong>Einhaltung gesetzlicher Verpflichtungen:<\/strong> Um gesetzliche Verpflichtungen, einschlie\u00dflich steuerlicher, handelsrechtlicher und aufsichtsrechtlicher Anforderungen, zu erf\u00fcllen. \u2192 Art. 6 Abs. 1 lit. c DSGVO<\/li>\n<\/ul>\n\n\n\n<p><strong>4. Rechtsgrundlage f\u00fcr die Verarbeitung<\/strong><\/p>\n\n\n\n<p>Wir verarbeiten Ihre personenbezogenen Daten auf der Grundlage der folgenden Rechtsgrundlagen:<\/p>\n\n\n\n<ul class=\"wp-block-list\">\n<li><strong>Einwilligung:<\/strong> Wenn Sie Ihre Einwilligung f\u00fcr bestimmte Arten der Datenverarbeitung erteilt haben (z. B. f\u00fcr Marketingzwecke).<\/li>\n\n\n\n<li><strong>Vertragliche Notwendigkeit:<\/strong> Wenn die Verarbeitung zur Erf\u00fcllung eines Vertrags mit Ihnen erforderlich ist (z. B. zur Erbringung von Dienstleistungen oder Support).<\/li>\n\n\n\n<li><strong>Berechtigte Interessen:<\/strong> F\u00fcr gesch\u00e4ftliche Zwecke, einschlie\u00dflich der Verbesserung unserer Website und unserer Dienstleistungen, es sei denn, Ihre Rechte \u00fcberwiegen diese Interessen.<\/li>\n\n\n\n<li><strong>Gesetzliche Verpflichtungen:<\/strong> Um geltende Gesetze und Vorschriften einzuhalten.<\/li>\n<\/ul>\n\n\n\n<p><strong>5. Weitergabe Ihrer Daten<\/strong><\/p>\n\n\n\n<p>Wir geben Ihre personenbezogenen Daten nicht an Dritte weiter, au\u00dfer in den folgenden F\u00e4llen:<\/p>\n\n\n\n<ul class=\"wp-block-list\">\n<li><strong>Dienstleister:<\/strong> Wir geben Ihre Daten m\u00f6glicherweise an Drittanbieter weiter, die in unserem Auftrag Dienstleistungen erbringen (z. B. Webhosting, E-Mail-Dienste).<\/li>\n\n\n\n<li><strong>Gesetzliche Anforderungen:<\/strong> Wir legen Ihre Daten m\u00f6glicherweise offen, wenn dies gesetzlich vorgeschrieben ist oder um unsere gesetzlichen Rechte durchzusetzen.<\/li>\n\n\n\n<li><strong>Unternehmens\u00fcbertragungen:<\/strong> Im Falle einer Fusion, \u00dcbernahme oder eines Verkaufs von Verm\u00f6genswerten werden Ihre personenbezogenen Daten m\u00f6glicherweise als Teil des Unternehmensverm\u00f6gens \u00fcbertragen.<\/li>\n<\/ul>\n\n\n\n<p><strong>6. Datensicherheit<\/strong><\/p>\n\n\n\n<p>Wir ergreifen angemessene technische und organisatorische Ma\u00dfnahmen, um Ihre personenbezogenen Daten vor unbefugtem Zugriff, Verlust oder Missbrauch zu sch\u00fctzen. Kein System ist jedoch 100 % sicher, und wir k\u00f6nnen die absolute Sicherheit Ihrer Daten nicht garantieren.&nbsp;&nbsp;<\/p>\n\n\n\n<p><strong>7. Datenaufbewahrung<\/strong><\/p>\n\n\n\n<p>Wir bewahren Ihre personenbezogenen Daten nur so lange auf, wie dies zur Erf\u00fcllung der in diesen Bestimmungen dargelegten Zwecke oder gesetzlich vorgeschrieben ist. Wenn Ihre Daten nicht mehr ben\u00f6tigt werden, werden wir sie l\u00f6schen oder anonymisieren.<\/p>\n\n\n\n<p>Bei der Datenl\u00f6schung sind nach M\u00f6glichkeit die Aufbewahrungsfristen zu nennen. Zumindest die handels- und steuerrechtlichen Aufbewahrungsfristen k\u00f6nnen genannt werden. Beispielsweise: Ihre Daten werden nach der Erhebung bei uns nur so lange gespeichert, wie dies unter Beachtung vorvertraglicher, vertraglicher und gesetzlicher Aufbewahrungsfristen erforderlich ist. Gesetzliche Aufbewahrungsfristen bestehen insbesondere nach handels- und steuerrechtlichen Vorschriften und betragen bis zu zehn Jahren.&nbsp;&nbsp;<\/p>\n\n\n\n<p><strong>8. Ihre Rechte<\/strong><\/p>\n\n\n\n<p>Gem\u00e4\u00df der DSGVO haben Sie die folgenden Rechte:<\/p>\n\n\n\n<ul class=\"wp-block-list\">\n<li><strong>Auskunftsrecht:<\/strong> Sie k\u00f6nnen eine Kopie der personenbezogenen Daten anfordern, die wir \u00fcber Sie gespeichert haben.<\/li>\n\n\n\n<li><strong>Recht auf Berichtigung:<\/strong> Sie k\u00f6nnen verlangen, dass wir Ihre personenbezogenen Daten korrigieren oder aktualisieren.<\/li>\n\n\n\n<li><strong>Recht auf L\u00f6schung:<\/strong> Sie k\u00f6nnen verlangen, dass wir Ihre personenbezogenen Daten l\u00f6schen, wenn sie f\u00fcr die Zwecke, f\u00fcr die sie erhoben wurden, nicht mehr erforderlich sind.\u00a0\u00a0<\/li>\n\n\n\n<li><\/li>\n\n\n\n<li><strong>Recht auf Einschr\u00e4nkung der Verarbeitung:<\/strong> Sie k\u00f6nnen verlangen, dass wir die Verarbeitung Ihrer personenbezogenen Daten unter bestimmten Umst\u00e4nden einschr\u00e4nken.\u00a0\u00a0<\/li>\n\n\n\n<li><\/li>\n\n\n\n<li><strong>Recht auf Daten\u00fcbertragbarkeit:<\/strong> Sie k\u00f6nnen verlangen, Ihre personenbezogenen Daten in einem strukturierten, g\u00e4ngigen und maschinenlesbaren Format zu erhalten.\u00a0\u00a0<\/li>\n\n\n\n<li><\/li>\n\n\n\n<li><strong>Widerspruchsrecht:<\/strong> Sie k\u00f6nnen der Verarbeitung Ihrer Daten zu Direktmarketingzwecken oder aufgrund unserer berechtigten Interessen widersprechen.\u00a0\u00a0<\/li>\n\n\n\n<li><\/li>\n<\/ul>\n\n\n\n<p>Um eines dieser Rechte auszu\u00fcben, kontaktieren Sie uns bitte unter:<\/p>\n\n\n\n<p>E-Mail: info@compoundio.co<\/p>\n\n\n\n<p><strong>9. Cookies<\/strong><\/p>\n\n\n\n<p>Unsere Website verwendet Cookies, um die Benutzererfahrung zu verbessern. Ausf\u00fchrliche Informationen dar\u00fcber, wie wir Cookies verwenden und wie Sie diese verwalten k\u00f6nnen, finden Sie in unserer Cookie-Richtlinie.<\/p>\n\n\n\n<p><strong>10. Links zu Drittanbietern<\/strong><\/p>\n\n\n\n<p>Unsere Website kann Links zu Websites oder Diensten Dritter enthalten. Wir sind nicht verantwortlich f\u00fcr die Datenschutzpraktiken oder den Inhalt dieser Websites Dritter. Bitte lesen Sie die Datenschutzbestimmungen aller Drittanbieterdienste, auf die Sie zugreifen.&nbsp;&nbsp;<\/p>\n\n\n\n<p><strong>11. \u00c4nderungen dieser Datenschutzbestimmungen<\/strong><\/p>\n\n\n\n<p>Wir k\u00f6nnen diese Datenschutzbestimmungen von Zeit zu Zeit aktualisieren. Alle \u00c4nderungen werden auf dieser Seite ver\u00f6ffentlicht, und das Datum der letzten Aktualisierung wird oben in den Bestimmungen angegeben.<\/p>\n\n\n\n<p><strong>12. Kontakt<\/strong><\/p>\n\n\n\n<p>Wenn Sie Fragen oder Bedenken zu diesen Datenschutzbestimmungen haben, kontaktieren Sie uns bitte unter:<\/p>\n\n\n\n<p>Compoundio Technology Holding GmbH Distlerstr. 18, 70184 Stuttgart, Deutschland E-Mail: info@compoundio.co Telefon: +49 (0)176 31266319<\/p>\n","protected":false},"excerpt":{"rendered":"<p>Datenschutzbestimmungen Information Compoundio Technology Holding GmbH verpflichtet sich, Ihre Daten im Auftrag von CompoundIDEAS zu sch\u00fctzen. Wir agieren als Auftragsverarbeiter und verarbeiten Ihre Daten gem\u00e4\u00df den Anweisungen von CompoundIDEAS. Compoundio Technology Holding GmbH verpflichtet sich, Ihre Privatsph\u00e4re zu sch\u00fctzen und zu respektieren. Diese Datenschutzbestimmungen erl\u00e4utern, wie wir Ihre personenbezogenen Daten erfassen, verwenden und weitergeben, wenn [&hellip;]<\/p>\n","protected":false},"author":1,"featured_media":0,"parent":0,"menu_order":0,"comment_status":"closed","ping_status":"closed","template":"","meta":{"_gspb_post_css":"","footnotes":""},"class_list":["post-1498","page","type-page","status-publish","hentry"],"blocksy_meta":{"has_hero_section":"disabled","styles_descriptor":{"styles":{"desktop":"","tablet":"","mobile":""},"google_fonts":[],"version":6}},"yoast_head":"<!-- This site is optimized with the Yoast SEO plugin v23.7 - https:\/\/yoast.com\/wordpress\/plugins\/seo\/ -->\n<title>Datenschutzbestimmungen - Excellence in Process Management<\/title>\n<meta name=\"robots\" content=\"index, follow, max-snippet:-1, max-image-preview:large, max-video-preview:-1\" \/>\n<link rel=\"canonical\" href=\"https:\/\/compoundideas.co\/index.php\/de\/datenschutzbestimmungen\/\" \/>\n<meta property=\"og:locale\" content=\"en_US\" \/>\n<meta property=\"og:type\" content=\"article\" \/>\n<meta property=\"og:title\" content=\"Datenschutzbestimmungen - Excellence in Process Management\" \/>\n<meta property=\"og:description\" content=\"Datenschutzbestimmungen Information Compoundio Technology Holding GmbH verpflichtet sich, Ihre Daten im Auftrag von CompoundIDEAS zu sch\u00fctzen. Wir agieren als Auftragsverarbeiter und verarbeiten Ihre Daten gem\u00e4\u00df den Anweisungen von CompoundIDEAS. Compoundio Technology Holding GmbH verpflichtet sich, Ihre Privatsph\u00e4re zu sch\u00fctzen und zu respektieren. Diese Datenschutzbestimmungen erl\u00e4utern, wie wir Ihre personenbezogenen Daten erfassen, verwenden und weitergeben, wenn [&hellip;]\" \/>\n<meta property=\"og:url\" content=\"https:\/\/compoundideas.co\/index.php\/de\/datenschutzbestimmungen\/\" \/>\n<meta property=\"og:site_name\" content=\"Excellence in Process Management\" \/>\n<meta property=\"og:image\" content=\"https:\/\/compoundideas.co\/wp-content\/uploads\/2024\/09\/047c58150712249.6323567f849a8-1_2.jpg\" \/>\n\t<meta property=\"og:image:width\" content=\"2560\" \/>\n\t<meta property=\"og:image:height\" content=\"2560\" \/>\n\t<meta property=\"og:image:type\" content=\"image\/jpeg\" \/>\n<meta name=\"twitter:card\" content=\"summary_large_image\" \/>\n<meta name=\"twitter:label1\" content=\"Est. reading time\" \/>\n\t<meta name=\"twitter:data1\" content=\"5 minutes\" \/>\n<script type=\"application\/ld+json\" class=\"yoast-schema-graph\">{\"@context\":\"https:\/\/schema.org\",\"@graph\":[{\"@type\":\"WebPage\",\"@id\":\"https:\/\/compoundideas.co\/index.php\/de\/datenschutzbestimmungen\/\",\"url\":\"https:\/\/compoundideas.co\/index.php\/de\/datenschutzbestimmungen\/\",\"name\":\"Datenschutzbestimmungen - Excellence in Process Management\",\"isPartOf\":{\"@id\":\"https:\/\/compoundideas.co\/#website\"},\"datePublished\":\"2024-10-26T15:41:14+00:00\",\"dateModified\":\"2024-10-26T15:41:14+00:00\",\"breadcrumb\":{\"@id\":\"https:\/\/compoundideas.co\/index.php\/de\/datenschutzbestimmungen\/#breadcrumb\"},\"inLanguage\":\"en-US\",\"potentialAction\":[{\"@type\":\"ReadAction\",\"target\":[\"https:\/\/compoundideas.co\/index.php\/de\/datenschutzbestimmungen\/\"]}]},{\"@type\":\"BreadcrumbList\",\"@id\":\"https:\/\/compoundideas.co\/index.php\/de\/datenschutzbestimmungen\/#breadcrumb\",\"itemListElement\":[{\"@type\":\"ListItem\",\"position\":1,\"name\":\"Home\",\"item\":\"https:\/\/compoundideas.co\/\"},{\"@type\":\"ListItem\",\"position\":2,\"name\":\"Datenschutzbestimmungen\"}]},{\"@type\":\"WebSite\",\"@id\":\"https:\/\/compoundideas.co\/#website\",\"url\":\"https:\/\/compoundideas.co\/\",\"name\":\"Excellence in Process Management\",\"description\":\"Together, Stronger\",\"publisher\":{\"@id\":\"https:\/\/compoundideas.co\/#organization\"},\"potentialAction\":[{\"@type\":\"SearchAction\",\"target\":{\"@type\":\"EntryPoint\",\"urlTemplate\":\"https:\/\/compoundideas.co\/?s={search_term_string}\"},\"query-input\":{\"@type\":\"PropertyValueSpecification\",\"valueRequired\":true,\"valueName\":\"search_term_string\"}}],\"inLanguage\":\"en-US\"},{\"@type\":\"Organization\",\"@id\":\"https:\/\/compoundideas.co\/#organization\",\"name\":\"Excellence in Process Management\",\"url\":\"https:\/\/compoundideas.co\/\",\"logo\":{\"@type\":\"ImageObject\",\"inLanguage\":\"en-US\",\"@id\":\"https:\/\/compoundideas.co\/#\/schema\/logo\/image\/\",\"url\":\"https:\/\/compoundideas.co\/wp-content\/uploads\/2024\/08\/Screenshot-2024-08-18-at-12.35.55.png\",\"contentUrl\":\"https:\/\/compoundideas.co\/wp-content\/uploads\/2024\/08\/Screenshot-2024-08-18-at-12.35.55.png\",\"width\":846,\"height\":264,\"caption\":\"Excellence in Process Management\"},\"image\":{\"@id\":\"https:\/\/compoundideas.co\/#\/schema\/logo\/image\/\"}}]}<\/script>\n<!-- \/ Yoast SEO plugin. -->","yoast_head_json":{"title":"Datenschutzbestimmungen - Excellence in Process Management","robots":{"index":"index","follow":"follow","max-snippet":"max-snippet:-1","max-image-preview":"max-image-preview:large","max-video-preview":"max-video-preview:-1"},"canonical":"https:\/\/compoundideas.co\/index.php\/de\/datenschutzbestimmungen\/","og_locale":"en_US","og_type":"article","og_title":"Datenschutzbestimmungen - Excellence in Process Management","og_description":"Datenschutzbestimmungen Information Compoundio Technology Holding GmbH verpflichtet sich, Ihre Daten im Auftrag von CompoundIDEAS zu sch\u00fctzen. Wir agieren als Auftragsverarbeiter und verarbeiten Ihre Daten gem\u00e4\u00df den Anweisungen von CompoundIDEAS. Compoundio Technology Holding GmbH verpflichtet sich, Ihre Privatsph\u00e4re zu sch\u00fctzen und zu respektieren. Diese Datenschutzbestimmungen erl\u00e4utern, wie wir Ihre personenbezogenen Daten erfassen, verwenden und weitergeben, wenn [&hellip;]","og_url":"https:\/\/compoundideas.co\/index.php\/de\/datenschutzbestimmungen\/","og_site_name":"Excellence in Process Management","og_image":[{"width":2560,"height":2560,"url":"https:\/\/compoundideas.co\/wp-content\/uploads\/2024\/09\/047c58150712249.6323567f849a8-1_2.jpg","type":"image\/jpeg"}],"twitter_card":"summary_large_image","twitter_misc":{"Est. reading time":"5 minutes"},"schema":{"@context":"https:\/\/schema.org","@graph":[{"@type":"WebPage","@id":"https:\/\/compoundideas.co\/index.php\/de\/datenschutzbestimmungen\/","url":"https:\/\/compoundideas.co\/index.php\/de\/datenschutzbestimmungen\/","name":"Datenschutzbestimmungen - Excellence in Process Management","isPartOf":{"@id":"https:\/\/compoundideas.co\/#website"},"datePublished":"2024-10-26T15:41:14+00:00","dateModified":"2024-10-26T15:41:14+00:00","breadcrumb":{"@id":"https:\/\/compoundideas.co\/index.php\/de\/datenschutzbestimmungen\/#breadcrumb"},"inLanguage":"en-US","potentialAction":[{"@type":"ReadAction","target":["https:\/\/compoundideas.co\/index.php\/de\/datenschutzbestimmungen\/"]}]},{"@type":"BreadcrumbList","@id":"https:\/\/compoundideas.co\/index.php\/de\/datenschutzbestimmungen\/#breadcrumb","itemListElement":[{"@type":"ListItem","position":1,"name":"Home","item":"https:\/\/compoundideas.co\/"},{"@type":"ListItem","position":2,"name":"Datenschutzbestimmungen"}]},{"@type":"WebSite","@id":"https:\/\/compoundideas.co\/#website","url":"https:\/\/compoundideas.co\/","name":"Excellence in Process Management","description":"Together, Stronger","publisher":{"@id":"https:\/\/compoundideas.co\/#organization"},"potentialAction":[{"@type":"SearchAction","target":{"@type":"EntryPoint","urlTemplate":"https:\/\/compoundideas.co\/?s={search_term_string}"},"query-input":{"@type":"PropertyValueSpecification","valueRequired":true,"valueName":"search_term_string"}}],"inLanguage":"en-US"},{"@type":"Organization","@id":"https:\/\/compoundideas.co\/#organization","name":"Excellence in Process Management","url":"https:\/\/compoundideas.co\/","logo":{"@type":"ImageObject","inLanguage":"en-US","@id":"https:\/\/compoundideas.co\/#\/schema\/logo\/image\/","url":"https:\/\/compoundideas.co\/wp-content\/uploads\/2024\/08\/Screenshot-2024-08-18-at-12.35.55.png","contentUrl":"https:\/\/compoundideas.co\/wp-content\/uploads\/2024\/08\/Screenshot-2024-08-18-at-12.35.55.png","width":846,"height":264,"caption":"Excellence in Process Management"},"image":{"@id":"https:\/\/compoundideas.co\/#\/schema\/logo\/image\/"}}]}},"_links":{"self":[{"href":"https:\/\/compoundideas.co\/index.php\/wp-json\/wp\/v2\/pages\/1498","targetHints":{"allow":["GET"]}}],"collection":[{"href":"https:\/\/compoundideas.co\/index.php\/wp-json\/wp\/v2\/pages"}],"about":[{"href":"https:\/\/compoundideas.co\/index.php\/wp-json\/wp\/v2\/types\/page"}],"author":[{"embeddable":true,"href":"https:\/\/compoundideas.co\/index.php\/wp-json\/wp\/v2\/users\/1"}],"replies":[{"embeddable":true,"href":"https:\/\/compoundideas.co\/index.php\/wp-json\/wp\/v2\/comments?post=1498"}],"version-history":[{"count":1,"href":"https:\/\/compoundideas.co\/index.php\/wp-json\/wp\/v2\/pages\/1498\/revisions"}],"predecessor-version":[{"id":1499,"href":"https:\/\/compoundideas.co\/index.php\/wp-json\/wp\/v2\/pages\/1498\/revisions\/1499"}],"wp:attachment":[{"href":"https:\/\/compoundideas.co\/index.php\/wp-json\/wp\/v2\/media?parent=1498"}],"curies":[{"name":"wp","href":"https:\/\/api.w.org\/{rel}","templated":true}]}}