{"id":1175,"date":"2024-10-05T21:34:47","date_gmt":"2024-10-05T21:34:47","guid":{"rendered":"https:\/\/compoundideas.co\/?page_id=1175"},"modified":"2024-10-05T21:36:32","modified_gmt":"2024-10-05T21:36:32","slug":"kunye","status":"publish","type":"page","link":"https:\/\/compoundideas.co\/index.php\/tr\/kunye\/","title":{"rendered":"K\u00fcnye"},"content":{"rendered":"\n<div class=\"wp-block-greenshift-blocks-row gspb_row gspb_row-id-gsbp-90dd5fd gspb_row--gutter-custom-0\" id=\"gspb_row-id-gsbp-90dd5fd\"><div class=\"gspb_row__content\"> \n<div class=\"wp-block-greenshift-blocks-row-column gspb_row__col--4 gspb_row__col--md-12 gspb_col-id-gsbp-d560c25\" id=\"gspb_col-id-gsbp-d560c25\">\n<div id=\"gspb_text-id-gsbp-e310166\" class=\"gspb_text gspb_text-id-gsbp-e310166 \">CompoundIDEAS, Idea Bilisim ve Danismanlik Hizm. San. ve Tic. Ltd. Sti. ile i\u015f birli\u011fi i\u00e7inde Compoundio Technology Holding GmbH&#8217;nin bir markas\u0131d\u0131r.<br>Compoundio Technology Holding GmbH<br>Distlerstr. 18,<br>70184 Stuttgart, Almanya<br>Yetkili Temsilci: G\u00f6ksel T\u00fcrkmen<br>Ticaret Sicili: Stuttgart Yerel Mahkemesi, HRB: 795131<br>KDV No.: DE 369520248<br>E-posta: info@compoundio.co<br>Telefon: +49 (0)176 31266319<\/div>\n<\/div>\n <\/div><\/div>\n","protected":false},"excerpt":{"rendered":"","protected":false},"author":1,"featured_media":0,"parent":0,"menu_order":0,"comment_status":"closed","ping_status":"closed","template":"","meta":{"_gspb_post_css":"#gspb_row-id-gsbp-90dd5fd{justify-content:space-between;margin-top:0;display:flex;flex-wrap:wrap;margin-bottom:120px;padding:0 80px}#gspb_row-id-gsbp-90dd5fd>.gspb_row__content{display:flex;justify-content:space-between;margin:0 auto;width:100%;flex-wrap:wrap}.gspb_row{position:relative}div[id^=gspb_col-id]{box-sizing:border-box;position:relative;padding:15px min(3vw,20px)}@media (max-width:991.98px){#gspb_row-id-gsbp-90dd5fd>.gspb_row__content{row-gap:30px}}body.gspb-bodyfront #gspb_row-id-gsbp-90dd5fd>.gspb_row__content{width:var(--theme-container-width, 1200px);max-width:var(--theme-normal-container-max-width, 1200px)}@media (max-width:991.98px){#gspb_row-id-gsbp-90dd5fd{margin-bottom:80px;padding-right:50px;padding-left:50px}}@media (max-width:575.98px){#gspb_row-id-gsbp-90dd5fd{margin-bottom:60px;padding-right:35px;padding-left:35px}}#gspb_row-id-gsbp-90dd5fd{background-color:var(--wp--preset--color--palette-color-7, var(--theme-palette-color-7, #F7FAFD))}#gspb_row-id-gsbp-90dd5fd,#gspb_row-id-gsbp-90dd5fd>.gspb_backgroundOverlay{border-top-left-radius:40px;border-top-right-radius:40px;border-bottom-right-radius:40px;border-bottom-left-radius:40px}#gspb_col-id-gsbp-d560c25.gspb_row__col--4{width:calc(33.333333333333336% - 5px)}@media (max-width:991.98px){#gspb_col-id-gsbp-d560c25.gspb_row__col--4{width:100%}}@media (max-width:767.98px){#gspb_col-id-gsbp-d560c25.gspb_row__col--4{width:calc(100% - 5px)}}@media (max-width:575.98px){#gspb_col-id-gsbp-d560c25.gspb_row__col--4{width:100%}}@media (min-width:992px){body.gspb-bodyfront #gspb_col-id-gsbp-d560c25.gspb_row__col--4{width:calc(100% - 0px - 5px)}}.gspb_row #gspb_col-id-gsbp-d560c25.gspb_row__col--4{padding:70px 0}@media (max-width:991.98px){.gspb_row #gspb_col-id-gsbp-d560c25.gspb_row__col--4{padding-top:50px;padding-bottom:0}}@media (max-width:575.98px){.gspb_row #gspb_col-id-gsbp-d560c25.gspb_row__col--4{padding-bottom:0}}body #gspb_col-id-gsbp-d560c25.gspb_row__col--4{display:flex;flex-direction:column;justify-content:center}@media (max-width:991.98px){body #gspb_col-id-gsbp-d560c25.gspb_row__col--4{align-items:center}.gspb_text-id-gsbp-e310166,.gspb_text-id-gsbp-e310166 .gsap-g-line{text-align:center!important}}.gspb_text-id-gsbp-e310166{margin-bottom:40px!important}","footnotes":""},"class_list":["post-1175","page","type-page","status-publish","hentry"],"blocksy_meta":{"has_hero_section":"default","vertical_spacing_source":"custom","content_area_spacing":"none","content_style_source":"custom","styles_descriptor":{"styles":{"desktop":"[data-prefix=\"single_page\"] [class*=\"ct-container\"] > article[class*=\"post\"] {--has-boxed:var(--false);--has-wide:var(--true);}","tablet":"","mobile":""},"google_fonts":[],"version":6}},"yoast_head":"<!-- This site is optimized with the Yoast SEO plugin v23.7 - https:\/\/yoast.com\/wordpress\/plugins\/seo\/ -->\n<title>K\u00fcnye - Excellence in Process Management<\/title>\n<meta name=\"robots\" content=\"index, follow, max-snippet:-1, max-image-preview:large, max-video-preview:-1\" \/>\n<link rel=\"canonical\" href=\"https:\/\/compoundideas.co\/index.php\/tr\/kunye\/\" \/>\n<meta property=\"og:locale\" content=\"en_US\" \/>\n<meta property=\"og:type\" content=\"article\" \/>\n<meta property=\"og:title\" content=\"K\u00fcnye - Excellence in Process Management\" \/>\n<meta property=\"og:url\" content=\"https:\/\/compoundideas.co\/index.php\/tr\/kunye\/\" \/>\n<meta property=\"og:site_name\" content=\"Excellence in Process Management\" \/>\n<meta property=\"article:modified_time\" content=\"2024-10-05T21:36:32+00:00\" \/>\n<meta property=\"og:image\" content=\"https:\/\/compoundideas.co\/wp-content\/uploads\/2024\/09\/047c58150712249.6323567f849a8-1_2.jpg\" \/>\n\t<meta property=\"og:image:width\" content=\"2560\" \/>\n\t<meta property=\"og:image:height\" content=\"2560\" \/>\n\t<meta property=\"og:image:type\" content=\"image\/jpeg\" \/>\n<meta name=\"twitter:card\" content=\"summary_large_image\" \/>\n<meta name=\"twitter:label1\" content=\"Est. reading time\" \/>\n\t<meta name=\"twitter:data1\" content=\"1 minute\" \/>\n<script type=\"application\/ld+json\" class=\"yoast-schema-graph\">{\"@context\":\"https:\/\/schema.org\",\"@graph\":[{\"@type\":\"WebPage\",\"@id\":\"https:\/\/compoundideas.co\/index.php\/tr\/kunye\/\",\"url\":\"https:\/\/compoundideas.co\/index.php\/tr\/kunye\/\",\"name\":\"K\u00fcnye - Excellence in Process Management\",\"isPartOf\":{\"@id\":\"https:\/\/compoundideas.co\/#website\"},\"datePublished\":\"2024-10-05T21:34:47+00:00\",\"dateModified\":\"2024-10-05T21:36:32+00:00\",\"breadcrumb\":{\"@id\":\"https:\/\/compoundideas.co\/index.php\/tr\/kunye\/#breadcrumb\"},\"inLanguage\":\"en-US\",\"potentialAction\":[{\"@type\":\"ReadAction\",\"target\":[\"https:\/\/compoundideas.co\/index.php\/tr\/kunye\/\"]}]},{\"@type\":\"BreadcrumbList\",\"@id\":\"https:\/\/compoundideas.co\/index.php\/tr\/kunye\/#breadcrumb\",\"itemListElement\":[{\"@type\":\"ListItem\",\"position\":1,\"name\":\"Home\",\"item\":\"https:\/\/compoundideas.co\/\"},{\"@type\":\"ListItem\",\"position\":2,\"name\":\"K\u00fcnye\"}]},{\"@type\":\"WebSite\",\"@id\":\"https:\/\/compoundideas.co\/#website\",\"url\":\"https:\/\/compoundideas.co\/\",\"name\":\"Excellence in Process Management\",\"description\":\"Together, Stronger\",\"publisher\":{\"@id\":\"https:\/\/compoundideas.co\/#organization\"},\"potentialAction\":[{\"@type\":\"SearchAction\",\"target\":{\"@type\":\"EntryPoint\",\"urlTemplate\":\"https:\/\/compoundideas.co\/?s={search_term_string}\"},\"query-input\":{\"@type\":\"PropertyValueSpecification\",\"valueRequired\":true,\"valueName\":\"search_term_string\"}}],\"inLanguage\":\"en-US\"},{\"@type\":\"Organization\",\"@id\":\"https:\/\/compoundideas.co\/#organization\",\"name\":\"Excellence in Process Management\",\"url\":\"https:\/\/compoundideas.co\/\",\"logo\":{\"@type\":\"ImageObject\",\"inLanguage\":\"en-US\",\"@id\":\"https:\/\/compoundideas.co\/#\/schema\/logo\/image\/\",\"url\":\"https:\/\/compoundideas.co\/wp-content\/uploads\/2024\/08\/Screenshot-2024-08-18-at-12.35.55.png\",\"contentUrl\":\"https:\/\/compoundideas.co\/wp-content\/uploads\/2024\/08\/Screenshot-2024-08-18-at-12.35.55.png\",\"width\":846,\"height\":264,\"caption\":\"Excellence in Process Management\"},\"image\":{\"@id\":\"https:\/\/compoundideas.co\/#\/schema\/logo\/image\/\"}}]}<\/script>\n<!-- \/ Yoast SEO plugin. -->","yoast_head_json":{"title":"K\u00fcnye - Excellence in Process Management","robots":{"index":"index","follow":"follow","max-snippet":"max-snippet:-1","max-image-preview":"max-image-preview:large","max-video-preview":"max-video-preview:-1"},"canonical":"https:\/\/compoundideas.co\/index.php\/tr\/kunye\/","og_locale":"en_US","og_type":"article","og_title":"K\u00fcnye - Excellence in Process Management","og_url":"https:\/\/compoundideas.co\/index.php\/tr\/kunye\/","og_site_name":"Excellence in Process Management","article_modified_time":"2024-10-05T21:36:32+00:00","og_image":[{"width":2560,"height":2560,"url":"https:\/\/compoundideas.co\/wp-content\/uploads\/2024\/09\/047c58150712249.6323567f849a8-1_2.jpg","type":"image\/jpeg"}],"twitter_card":"summary_large_image","twitter_misc":{"Est. reading time":"1 minute"},"schema":{"@context":"https:\/\/schema.org","@graph":[{"@type":"WebPage","@id":"https:\/\/compoundideas.co\/index.php\/tr\/kunye\/","url":"https:\/\/compoundideas.co\/index.php\/tr\/kunye\/","name":"K\u00fcnye - Excellence in Process Management","isPartOf":{"@id":"https:\/\/compoundideas.co\/#website"},"datePublished":"2024-10-05T21:34:47+00:00","dateModified":"2024-10-05T21:36:32+00:00","breadcrumb":{"@id":"https:\/\/compoundideas.co\/index.php\/tr\/kunye\/#breadcrumb"},"inLanguage":"en-US","potentialAction":[{"@type":"ReadAction","target":["https:\/\/compoundideas.co\/index.php\/tr\/kunye\/"]}]},{"@type":"BreadcrumbList","@id":"https:\/\/compoundideas.co\/index.php\/tr\/kunye\/#breadcrumb","itemListElement":[{"@type":"ListItem","position":1,"name":"Home","item":"https:\/\/compoundideas.co\/"},{"@type":"ListItem","position":2,"name":"K\u00fcnye"}]},{"@type":"WebSite","@id":"https:\/\/compoundideas.co\/#website","url":"https:\/\/compoundideas.co\/","name":"Excellence in Process Management","description":"Together, Stronger","publisher":{"@id":"https:\/\/compoundideas.co\/#organization"},"potentialAction":[{"@type":"SearchAction","target":{"@type":"EntryPoint","urlTemplate":"https:\/\/compoundideas.co\/?s={search_term_string}"},"query-input":{"@type":"PropertyValueSpecification","valueRequired":true,"valueName":"search_term_string"}}],"inLanguage":"en-US"},{"@type":"Organization","@id":"https:\/\/compoundideas.co\/#organization","name":"Excellence in Process Management","url":"https:\/\/compoundideas.co\/","logo":{"@type":"ImageObject","inLanguage":"en-US","@id":"https:\/\/compoundideas.co\/#\/schema\/logo\/image\/","url":"https:\/\/compoundideas.co\/wp-content\/uploads\/2024\/08\/Screenshot-2024-08-18-at-12.35.55.png","contentUrl":"https:\/\/compoundideas.co\/wp-content\/uploads\/2024\/08\/Screenshot-2024-08-18-at-12.35.55.png","width":846,"height":264,"caption":"Excellence in Process Management"},"image":{"@id":"https:\/\/compoundideas.co\/#\/schema\/logo\/image\/"}}]}},"_links":{"self":[{"href":"https:\/\/compoundideas.co\/index.php\/wp-json\/wp\/v2\/pages\/1175","targetHints":{"allow":["GET"]}}],"collection":[{"href":"https:\/\/compoundideas.co\/index.php\/wp-json\/wp\/v2\/pages"}],"about":[{"href":"https:\/\/compoundideas.co\/index.php\/wp-json\/wp\/v2\/types\/page"}],"author":[{"embeddable":true,"href":"https:\/\/compoundideas.co\/index.php\/wp-json\/wp\/v2\/users\/1"}],"replies":[{"embeddable":true,"href":"https:\/\/compoundideas.co\/index.php\/wp-json\/wp\/v2\/comments?post=1175"}],"version-history":[{"count":2,"href":"https:\/\/compoundideas.co\/index.php\/wp-json\/wp\/v2\/pages\/1175\/revisions"}],"predecessor-version":[{"id":1178,"href":"https:\/\/compoundideas.co\/index.php\/wp-json\/wp\/v2\/pages\/1175\/revisions\/1178"}],"wp:attachment":[{"href":"https:\/\/compoundideas.co\/index.php\/wp-json\/wp\/v2\/media?parent=1175"}],"curies":[{"name":"wp","href":"https:\/\/api.w.org\/{rel}","templated":true}]}}